{"id":797,"date":"2025-03-20T09:10:04","date_gmt":"2025-03-20T09:10:04","guid":{"rendered":"https:\/\/startersites.io\/elementor\/investboost\/?page_id=797"},"modified":"2025-06-29T18:13:07","modified_gmt":"2025-06-29T22:13:07","slug":"sobre","status":"publish","type":"page","link":"https:\/\/ciofradiologia.com.br\/home\/sobre\/","title":{"rendered":"SOBRE"},"content":{"rendered":"\t\t<div data-elementor-type=\"wp-page\" data-elementor-id=\"797\" class=\"elementor elementor-797\" data-elementor-post-type=\"page\">\n\t\t\t\t<div class=\"elementor-element elementor-element-0acc2ec e-flex e-con-boxed e-con e-parent\" data-id=\"0acc2ec\" data-element_type=\"container\" data-settings=\"{&quot;background_background&quot;:&quot;classic&quot;}\">\n\t\t\t\t\t<div class=\"e-con-inner\">\n\t\t<div class=\"elementor-element elementor-element-76e86f8 e-con-full e-flex e-con e-child\" data-id=\"76e86f8\" data-element_type=\"container\">\n\t\t\t\t<div class=\"elementor-element elementor-element-d80ee81 elementor-widget elementor-widget-heading\" data-id=\"d80ee81\" data-element_type=\"widget\" data-widget_type=\"heading.default\">\n\t\t\t\t<div class=\"elementor-widget-container\">\n\t\t\t\t\t<h2 class=\"elementor-heading-title elementor-size-default\">QUEM SOMOS<\/h2>\t\t\t\t<\/div>\n\t\t\t\t<\/div>\n\t\t\t\t<\/div>\n\t\t\t\t\t<\/div>\n\t\t\t\t<\/div>\n\t\t<div class=\"elementor-element elementor-element-a0261ca e-flex e-con-boxed e-con e-parent\" data-id=\"a0261ca\" data-element_type=\"container\">\n\t\t\t\t\t<div class=\"e-con-inner\">\n\t\t<div class=\"elementor-element elementor-element-55f9c65 e-con-full e-flex e-con e-child\" data-id=\"55f9c65\" data-element_type=\"container\" data-settings=\"{&quot;background_background&quot;:&quot;classic&quot;}\">\n\t\t\t\t<div class=\"elementor-element elementor-element-bacdc2b elementor-widget__width-initial elementor-widget elementor-widget-heading\" data-id=\"bacdc2b\" data-element_type=\"widget\" data-widget_type=\"heading.default\">\n\t\t\t\t<div class=\"elementor-widget-container\">\n\t\t\t\t\t<h2 class=\"elementor-heading-title elementor-size-default\">Modernas instala\u00e7\u00f5es aliada a alta tecnologia dos nossos equipamentos, equipe especializada e atendimento humanizado, resultam em exames com qualidade superior, agilidade e seguran\u00e7a acima de tudo. Desde 2010, fazendo o melhor por voc\u00ea.<\/h2>\t\t\t\t<\/div>\n\t\t\t\t<\/div>\n\t\t\t\t<\/div>\n\t\t\t\t\t<\/div>\n\t\t\t\t<\/div>\n\t\t<div class=\"elementor-element elementor-element-0b522bb e-grid e-con-boxed e-con e-parent\" data-id=\"0b522bb\" data-element_type=\"container\">\n\t\t\t\t\t<div class=\"e-con-inner\">\n\t\t<div class=\"elementor-element elementor-element-5035bbf e-con-full e-flex e-con e-child\" data-id=\"5035bbf\" data-element_type=\"container\">\n\t\t\t\t<div class=\"elementor-element elementor-element-ba5429e elementor-widget elementor-widget-heading\" data-id=\"ba5429e\" data-element_type=\"widget\" data-widget_type=\"heading.default\">\n\t\t\t\t<div class=\"elementor-widget-container\">\n\t\t\t\t\t<h2 class=\"elementor-heading-title elementor-size-default\">Nossa Miss\u00e3o<\/h2>\t\t\t\t<\/div>\n\t\t\t\t<\/div>\n\t\t\t\t<div class=\"elementor-element elementor-element-edaeb08 elementor-widget elementor-widget-text-editor\" data-id=\"edaeb08\" data-element_type=\"widget\" data-widget_type=\"text-editor.default\">\n\t\t\t\t<div class=\"elementor-widget-container\">\n\t\t\t\t\t\t\t\t\t<p>Oferecer servi\u00e7os de diagn\u00f3stico odontol\u00f3gico de excel\u00eancia, atrav\u00e9s de exames por imagens de alta tecnologia, contribuindo para o sucesso dos odont\u00f3logos, a satisfa\u00e7\u00e3o dos nossos clientes e a valoriza\u00e7\u00e3o da nossa equipe.<\/p>\t\t\t\t\t\t\t\t<\/div>\n\t\t\t\t<\/div>\n\t\t\t\t<\/div>\n\t\t<div class=\"elementor-element elementor-element-5eda3a3 e-con-full e-flex e-con e-child\" data-id=\"5eda3a3\" data-element_type=\"container\" data-settings=\"{&quot;background_background&quot;:&quot;classic&quot;}\">\n\t\t\t\t<div class=\"elementor-element elementor-element-9a91ae1 elementor-position-left elementor-vertical-align-middle elementor-position-top elementor-widget elementor-widget-image-box\" data-id=\"9a91ae1\" data-element_type=\"widget\" data-widget_type=\"image-box.default\">\n\t\t\t\t<div class=\"elementor-widget-container\">\n\t\t\t\t\t<div class=\"elementor-image-box-wrapper\"><figure class=\"elementor-image-box-img\"><img fetchpriority=\"high\" decoding=\"async\" width=\"691\" height=\"400\" src=\"https:\/\/ciofradiologia.com.br\/home\/wp-content\/uploads\/2017\/09\/casal.jpg\" class=\"attachment-full size-full wp-image-2327\" alt=\"\" srcset=\"https:\/\/ciofradiologia.com.br\/home\/wp-content\/uploads\/2017\/09\/casal.jpg 691w, https:\/\/ciofradiologia.com.br\/home\/wp-content\/uploads\/2017\/09\/casal-300x174.jpg 300w\" sizes=\"(max-width: 691px) 100vw, 691px\" \/><\/figure><div class=\"elementor-image-box-content\"><h5 class=\"elementor-image-box-title\">Carlos Borges<\/h5><p class=\"elementor-image-box-description\">S\u00f3cio Fundador<\/p><\/div><\/div>\t\t\t\t<\/div>\n\t\t\t\t<\/div>\n\t\t\t\t<div class=\"elementor-element elementor-element-c2137ba elementor-widget elementor-widget-text-editor\" data-id=\"c2137ba\" data-element_type=\"widget\" data-widget_type=\"text-editor.default\">\n\t\t\t\t<div class=\"elementor-widget-container\">\n\t\t\t\t\t\t\t\t\t<p id=\"tw-target-text\" class=\"tw-data-text tw-text-large tw-ta\" dir=\"ltr\" data-placeholder=\"Tradu\u00e7\u00e3o\" data-ved=\"2ahUKEwj4l8Ljq4aOAxXRIrkGHWiHN4QQ3ewLegQICRAV\" aria-label=\"Texto traduzido: Nossa miss\u00e3o \u00e9 redefinir o que significa investir \u2014 promovendo crescimento, confian\u00e7a e oportunidades para as futuras gera\u00e7\u00f5es.\"><em><span class=\"Y2IQFc\" lang=\"pt\">Redefinir o que significa investir \u2014 promovendo crescimento, confian\u00e7a e oportunidades para as futuras gera\u00e7\u00f5es.<\/span><\/em><\/p>\t\t\t\t\t\t\t\t<\/div>\n\t\t\t\t<\/div>\n\t\t\t\t<\/div>\n\t\t\t\t\t<\/div>\n\t\t\t\t<\/div>\n\t\t<div class=\"elementor-element elementor-element-5b2b9c0 e-flex e-con-boxed e-con e-parent\" data-id=\"5b2b9c0\" data-element_type=\"container\" data-settings=\"{&quot;background_background&quot;:&quot;classic&quot;}\">\n\t\t\t\t\t<div class=\"e-con-inner\">\n\t\t<div class=\"elementor-element elementor-element-7941b29 e-con-full e-flex e-con e-child\" data-id=\"7941b29\" data-element_type=\"container\">\n\t\t<div class=\"elementor-element elementor-element-2423a83 e-con-full e-flex e-con e-child\" data-id=\"2423a83\" data-element_type=\"container\">\n\t\t\t\t<div class=\"elementor-element elementor-element-df669f0 elementor-widget__width-initial elementor-widget elementor-widget-heading\" data-id=\"df669f0\" data-element_type=\"widget\" data-widget_type=\"heading.default\">\n\t\t\t\t<div class=\"elementor-widget-container\">\n\t\t\t\t\t<h2 class=\"elementor-heading-title elementor-size-default\">Porqu\u00ea escolher a CIOF RADIOLOGIA?<\/h2>\t\t\t\t<\/div>\n\t\t\t\t<\/div>\n\t\t\t\t<\/div>\n\t\t<div class=\"elementor-element elementor-element-f154e88 e-con-full e-flex e-con e-child\" data-id=\"f154e88\" data-element_type=\"container\">\n\t\t\t\t<div class=\"elementor-element elementor-element-5c5a81e elementor-widget__width-initial elementor-widget elementor-widget-text-editor\" data-id=\"5c5a81e\" data-element_type=\"widget\" data-widget_type=\"text-editor.default\">\n\t\t\t\t<div class=\"elementor-widget-container\">\n\t\t\t\t\t\t\t\t\t<p>N\u00e3o perca temp, agende o seu exame radiol\u00f3gico.<\/p>\t\t\t\t\t\t\t\t<\/div>\n\t\t\t\t<\/div>\n\t\t\t\t<div class=\"elementor-element elementor-element-6756133 ct-e-button elementor-widget elementor-widget-button\" data-id=\"6756133\" data-element_type=\"widget\" data-widget_type=\"button.default\">\n\t\t\t\t<div class=\"elementor-widget-container\">\n\t\t\t\t\t\t\t\t\t<div class=\"elementor-button-wrapper\">\n\t\t\t\t\t<a class=\"elementor-button elementor-button-link elementor-size-sm\" href=\"https:\/\/wa.me\/5567992371953\">\n\t\t\t\t\t\t<span class=\"elementor-button-content-wrapper\">\n\t\t\t\t\t\t<span class=\"elementor-button-icon\">\n\t\t\t\t<svg xmlns=\"http:\/\/www.w3.org\/2000\/svg\" viewBox=\"0 0 10 10\"><path fill-rule=\"evenodd\" d=\"M.341.738C.341.33.671 0 1.079 0h8.183C9.67 0 10 .33 10 .738V8.92a.738.738 0 1 1-1.475 0V2.52L1.259 9.784A.738.738 0 0 1 .216 8.74l7.265-7.266H1.08A.738.738 0 0 1 .34.738Z\"><\/path><\/svg>\t\t\t<\/span>\n\t\t\t\t\t\t\t\t\t<span class=\"elementor-button-text\">Agendamento<\/span>\n\t\t\t\t\t<\/span>\n\t\t\t\t\t<\/a>\n\t\t\t\t<\/div>\n\t\t\t\t\t\t\t\t<\/div>\n\t\t\t\t<\/div>\n\t\t\t\t<\/div>\n\t\t\t\t<\/div>\n\t\t<div class=\"elementor-element elementor-element-8326d82 e-grid e-con-full e-con e-child\" data-id=\"8326d82\" data-element_type=\"container\">\n\t\t<div class=\"elementor-element elementor-element-f859a96 e-con-full e-flex e-con e-child\" data-id=\"f859a96\" data-element_type=\"container\">\n\t\t\t\t<div class=\"elementor-element elementor-element-a0159c3 elementor-widget elementor-widget-image\" data-id=\"a0159c3\" data-element_type=\"widget\" data-widget_type=\"image.default\">\n\t\t\t\t<div class=\"elementor-widget-container\">\n\t\t\t\t\t\t\t\t\t\t\t\t\t\t\t<img decoding=\"async\" width=\"400\" height=\"550\" src=\"https:\/\/ciofradiologia.com.br\/home\/wp-content\/uploads\/2025\/06\/shutterstock_1374035804-q6cujth3lx9kim1nk88fqjwdm8cmzsoc3o44u9ydfg.webp\" class=\"attachment-full size-full wp-image-2903\" alt=\"\" srcset=\"https:\/\/ciofradiologia.com.br\/home\/wp-content\/uploads\/2025\/06\/shutterstock_1374035804-q6cujth3lx9kim1nk88fqjwdm8cmzsoc3o44u9ydfg.webp 400w, https:\/\/ciofradiologia.com.br\/home\/wp-content\/uploads\/2025\/06\/shutterstock_1374035804-q6cujth3lx9kim1nk88fqjwdm8cmzsoc3o44u9ydfg-218x300.webp 218w\" sizes=\"(max-width: 400px) 100vw, 400px\" \/>\t\t\t\t\t\t\t\t\t\t\t\t\t\t\t<\/div>\n\t\t\t\t<\/div>\n\t\t\t\t<div class=\"elementor-element elementor-element-2f8d602 elementor-widget elementor-widget-heading\" data-id=\"2f8d602\" data-element_type=\"widget\" data-widget_type=\"heading.default\">\n\t\t\t\t<div class=\"elementor-widget-container\">\n\t\t\t\t\t<h2 class=\"elementor-heading-title elementor-size-default\">01<\/h2>\t\t\t\t<\/div>\n\t\t\t\t<\/div>\n\t\t\t\t<div class=\"elementor-element elementor-element-74b07a7 elementor-widget elementor-widget-heading\" data-id=\"74b07a7\" data-element_type=\"widget\" data-widget_type=\"heading.default\">\n\t\t\t\t<div class=\"elementor-widget-container\">\n\t\t\t\t\t<h4 class=\"elementor-heading-title elementor-size-default\">Nossa Vis\u00e3o<\/h4>\t\t\t\t<\/div>\n\t\t\t\t<\/div>\n\t\t\t\t<div class=\"elementor-element elementor-element-1318e2b elementor-widget elementor-widget-text-editor\" data-id=\"1318e2b\" data-element_type=\"widget\" data-widget_type=\"text-editor.default\">\n\t\t\t\t<div class=\"elementor-widget-container\">\n\t\t\t\t\t\t\t\t\t<p>Ser refer\u00eancia no segmento, atrav\u00e9s da inova\u00e7\u00e3o continuada e o uso da tecnologia de ponta.<\/p>\t\t\t\t\t\t\t\t<\/div>\n\t\t\t\t<\/div>\n\t\t\t\t<\/div>\n\t\t<div class=\"elementor-element elementor-element-4f9d102 e-con-full e-flex e-con e-child\" data-id=\"4f9d102\" data-element_type=\"container\">\n\t\t\t\t<div class=\"elementor-element elementor-element-203c90b elementor-widget elementor-widget-image\" data-id=\"203c90b\" data-element_type=\"widget\" data-widget_type=\"image.default\">\n\t\t\t\t<div class=\"elementor-widget-container\">\n\t\t\t\t\t\t\t\t\t\t\t\t\t\t\t<img decoding=\"async\" width=\"430\" height=\"630\" src=\"https:\/\/ciofradiologia.com.br\/home\/wp-content\/uploads\/2025\/05\/Ciof_radiologia_Topo-Site_430x630.jpg\" class=\"attachment-full size-full wp-image-2624\" alt=\"\" srcset=\"https:\/\/ciofradiologia.com.br\/home\/wp-content\/uploads\/2025\/05\/Ciof_radiologia_Topo-Site_430x630.jpg 430w, https:\/\/ciofradiologia.com.br\/home\/wp-content\/uploads\/2025\/05\/Ciof_radiologia_Topo-Site_430x630-205x300.jpg 205w\" sizes=\"(max-width: 430px) 100vw, 430px\" \/>\t\t\t\t\t\t\t\t\t\t\t\t\t\t\t<\/div>\n\t\t\t\t<\/div>\n\t\t<div class=\"elementor-element elementor-element-558bcbb e-con-full e-flex e-con e-child\" data-id=\"558bcbb\" data-element_type=\"container\">\n\t\t<div class=\"elementor-element elementor-element-dc721da e-con-full e-flex e-con e-child\" data-id=\"dc721da\" data-element_type=\"container\">\n\t\t\t\t<div class=\"elementor-element elementor-element-f7506e8 elementor-widget elementor-widget-heading\" data-id=\"f7506e8\" data-element_type=\"widget\" data-widget_type=\"heading.default\">\n\t\t\t\t<div class=\"elementor-widget-container\">\n\t\t\t\t\t<h2 class=\"elementor-heading-title elementor-size-default\">02<\/h2>\t\t\t\t<\/div>\n\t\t\t\t<\/div>\n\t\t\t\t<div class=\"elementor-element elementor-element-77cb974 elementor-widget elementor-widget-heading\" data-id=\"77cb974\" data-element_type=\"widget\" data-widget_type=\"heading.default\">\n\t\t\t\t<div class=\"elementor-widget-container\">\n\t\t\t\t\t<h4 class=\"elementor-heading-title elementor-size-default\">Nossos Valores<\/h4>\t\t\t\t<\/div>\n\t\t\t\t<\/div>\n\t\t\t\t<div class=\"elementor-element elementor-element-47b7b75 elementor-widget elementor-widget-text-editor\" data-id=\"47b7b75\" data-element_type=\"widget\" data-widget_type=\"text-editor.default\">\n\t\t\t\t<div class=\"elementor-widget-container\">\n\t\t\t\t\t\t\t\t\t<p>\u00c9tica, profissionalismo e respeito \u00e0s pessoas e ao meio ambiente.<\/p>\t\t\t\t\t\t\t\t<\/div>\n\t\t\t\t<\/div>\n\t\t\t\t<\/div>\n\t\t<div class=\"elementor-element elementor-element-f2b8bd7 e-con-full e-flex e-con e-child\" data-id=\"f2b8bd7\" data-element_type=\"container\">\n\t\t\t\t<div class=\"elementor-element elementor-element-77f1469 elementor-widget elementor-widget-heading\" data-id=\"77f1469\" data-element_type=\"widget\" data-widget_type=\"heading.default\">\n\t\t\t\t<div class=\"elementor-widget-container\">\n\t\t\t\t\t<h2 class=\"elementor-heading-title elementor-size-default\">03<\/h2>\t\t\t\t<\/div>\n\t\t\t\t<\/div>\n\t\t\t\t<div class=\"elementor-element elementor-element-bbdcafe elementor-widget elementor-widget-heading\" data-id=\"bbdcafe\" data-element_type=\"widget\" data-widget_type=\"heading.default\">\n\t\t\t\t<div class=\"elementor-widget-container\">\n\t\t\t\t\t<h4 class=\"elementor-heading-title elementor-size-default\">Melhor Custo Benef\u00edcio<\/h4>\t\t\t\t<\/div>\n\t\t\t\t<\/div>\n\t\t\t\t<div class=\"elementor-element elementor-element-7d6abc1 elementor-widget elementor-widget-text-editor\" data-id=\"7d6abc1\" data-element_type=\"widget\" data-widget_type=\"text-editor.default\">\n\t\t\t\t<div class=\"elementor-widget-container\">\n\t\t\t\t\t\t\t\t\t<p>Desde 2010 oferecendo alta tecnologia com excelente custo x benef\u00edcio.<\/p>\t\t\t\t\t\t\t\t<\/div>\n\t\t\t\t<\/div>\n\t\t\t\t<\/div>\n\t\t\t\t<\/div>\n\t\t\t\t<\/div>\n\t\t\t\t<\/div>\n\t\t\t\t\t<\/div>\n\t\t\t\t<\/div>\n\t\t\t\t<\/div>\n\t\t","protected":false},"excerpt":{"rendered":"<p>QUEM SOMOS Modernas instala\u00e7\u00f5es aliada a alta tecnologia dos nossos equipamentos, equipe especializada e atendimento humanizado, resultam em exames com qualidade superior, agilidade e seguran\u00e7a acima de tudo. Desde 2010, fazendo o melhor por voc\u00ea. Nossa Miss\u00e3o Oferecer servi\u00e7os de diagn\u00f3stico odontol\u00f3gico de excel\u00eancia, atrav\u00e9s de exames por imagens de alta tecnologia, contribuindo para o [&hellip;]<\/p>\n","protected":false},"author":1,"featured_media":0,"parent":0,"menu_order":0,"comment_status":"closed","ping_status":"closed","template":"","meta":{"footnotes":""},"class_list":["post-797","page","type-page","status-publish","hentry"],"blocksy_meta":{"has_hero_section":"disabled","vertical_spacing_source":"custom","content_area_spacing":"none","styles_descriptor":{"styles":{"desktop":"","tablet":"","mobile":""},"google_fonts":[],"version":6}},"_links":{"self":[{"href":"https:\/\/ciofradiologia.com.br\/home\/wp-json\/wp\/v2\/pages\/797","targetHints":{"allow":["GET"]}}],"collection":[{"href":"https:\/\/ciofradiologia.com.br\/home\/wp-json\/wp\/v2\/pages"}],"about":[{"href":"https:\/\/ciofradiologia.com.br\/home\/wp-json\/wp\/v2\/types\/page"}],"author":[{"embeddable":true,"href":"https:\/\/ciofradiologia.com.br\/home\/wp-json\/wp\/v2\/users\/1"}],"replies":[{"embeddable":true,"href":"https:\/\/ciofradiologia.com.br\/home\/wp-json\/wp\/v2\/comments?post=797"}],"version-history":[{"count":32,"href":"https:\/\/ciofradiologia.com.br\/home\/wp-json\/wp\/v2\/pages\/797\/revisions"}],"predecessor-version":[{"id":2967,"href":"https:\/\/ciofradiologia.com.br\/home\/wp-json\/wp\/v2\/pages\/797\/revisions\/2967"}],"wp:attachment":[{"href":"https:\/\/ciofradiologia.com.br\/home\/wp-json\/wp\/v2\/media?parent=797"}],"curies":[{"name":"wp","href":"https:\/\/api.w.org\/{rel}","templated":true}]}}